{"id":3,"date":"2021-04-06T19:01:55","date_gmt":"2021-04-06T19:01:55","guid":{"rendered":"https:\/\/forumenfermagem.org\/site\/?page_id=3"},"modified":"2021-04-26T17:09:15","modified_gmt":"2021-04-26T17:09:15","slug":"politica-de-privacidade","status":"publish","type":"page","link":"https:\/\/forumenfermagem.org\/site\/politica-de-privacidade\/","title":{"rendered":"Pol\u00edtica de Privacidade"},"content":{"rendered":"\n<p>O Forumenfermagem.org \u00e9 respons\u00e1vel pelo tratamento dos dados pessoais que o utilizador partilha com este projeto, assegurando a prote\u00e7\u00e3o da sua privacidade, atrav\u00e9s da atua\u00e7\u00e3o em conformidade com a lei e o novo Regulamento Geral de Prote\u00e7\u00e3o de Dados (RGPD, regulamento n\u00ba 2016\/679 do Parlamento Europeu e do Conselho, de 27 de abril de 2016).<\/p>\n\n\n\n<p>O Formumenfermagem.org recolhe os dados dos utilizadores atrav\u00e9s de:<br>&#8211; formul\u00e1rio de inscri\u00e7\u00e3o no F\u00f3rum Discuss\u00e3o;<br>&#8211; formul\u00e1rio de inscri\u00e7\u00e3o na base de dados de Newsletter;<br>&#8211; campanhas promocionais relacionadas com eventos\/passatempos com devido aviso de inclus\u00e3o em lista.<\/p>\n\n\n\n<p>O Forumenfermagem.org gere os seus dados, utilizando-os para:<br>&#8211; comunicar com o utilizador prestando-lhe informa\u00e7\u00e3o requerida pelo pr\u00f3prio ou do seu interesse;<br>&#8211; efeitos de marketing relacionados com a nossa \u00e1rea de atividade.<\/p>\n\n\n\n<p>Apenas o e-mail do utilizador \u00e9 retido a longo prazo, enquanto este n\u00e3o revogar consentimento, com vista \u00e0 promo\u00e7\u00e3o de a\u00e7\u00f5es de marketing.<\/p>\n\n\n\n<p>Ao aceder e utilizar os nossos servi\u00e7os, o titular dos dados consente o armazenamento de cookies, outras tecnologias de armazenamento local, beacons e outros dados nos respetivos dispositivos.<\/p>\n\n\n\n<p>Os seus dados pessoais permanecem retidos com o consentimento do utilizador no acto de submiss\u00e3o dos mesmos, sob a lei de prote\u00e7\u00e3o de dados e pode o consentimento ser revogado pelo utilizador em qualquer altura.<\/p>\n\n\n\n<p>Os seus dados pessoais permanecem retidos pelo per\u00edodo necess\u00e1rio para os respetivos fins, enquanto se mantiverem v\u00e1lidos e o utilizador n\u00e3o revogar o seu consentimento.<\/p>\n\n\n\n<p>O utilizador, no \u00e2mbito da prote\u00e7\u00e3o de dados pessoais tem direito a:<br>&#8211; acesso aos dados partilhados;<br>&#8211; retifica\u00e7\u00e3o dos seus dados;<br>&#8211; apagamento de parte ou total de dados partilhados;<br>&#8211; pedir limita\u00e7\u00e3o do tratamento dos seus dados;<br>&#8211; solicitar portabilidade dos seus dados para entidade por si indicada;<br>&#8211; oposi\u00e7\u00e3o ao tratamento dos seus dados;<br>&#8211; n\u00e3o ficar sujeito a decis\u00f5es automatizadas<\/p>\n\n\n\n<p>No sentido de exercer os seus direitos, o utilizador poder\u00e1 contatar, em qualquer momento, a gest\u00e3o do site atrav\u00e9s do email <a href=\"mailto:administrador@forumenfermagem.org\">administrador@forumenfermagem.org<\/a><\/p>\n\n\n\n<p>Pode ainda o utilizador requerer qualquer outro tipo de informa\u00e7\u00e3o sobre os seus dados, conforme os termos do artigo 15 do RGPD.<\/p>\n\n\n\n<p>O Forumenfermagem.org procede \u00e0 an\u00e1lise cuidada dos pedidos, avaliando a sua legitimidade, pertin\u00eancia e dando resposta em tempo oportuno.<\/p>\n\n\n\n<p>A n\u00e3o execu\u00e7\u00e3o do seu pedido poder\u00e1 apenas resultar no caso de uma norma ou obriga\u00e7\u00e3o legalmente imposta que se sobreponha a estes direitos, comunicando-se neste caso o respetivo fundamento.<\/p>\n","protected":false},"excerpt":{"rendered":"<p>O Forumenfermagem.org \u00e9 respons\u00e1vel pelo tratamento dos dados pessoais que o utilizador partilha com este projeto, assegurando a prote\u00e7\u00e3o da sua privacidade, atrav\u00e9s da atua\u00e7\u00e3o em conformidade com a lei [&hellip;]<\/p>\n","protected":false},"author":1,"featured_media":0,"parent":0,"menu_order":0,"comment_status":"closed","ping_status":"open","template":"","meta":{"footnotes":""},"class_list":["post-3","page","type-page","status-publish","hentry"],"_links":{"self":[{"href":"https:\/\/forumenfermagem.org\/site\/wp-json\/wp\/v2\/pages\/3","targetHints":{"allow":["GET"]}}],"collection":[{"href":"https:\/\/forumenfermagem.org\/site\/wp-json\/wp\/v2\/pages"}],"about":[{"href":"https:\/\/forumenfermagem.org\/site\/wp-json\/wp\/v2\/types\/page"}],"author":[{"embeddable":true,"href":"https:\/\/forumenfermagem.org\/site\/wp-json\/wp\/v2\/users\/1"}],"replies":[{"embeddable":true,"href":"https:\/\/forumenfermagem.org\/site\/wp-json\/wp\/v2\/comments?post=3"}],"version-history":[{"count":2,"href":"https:\/\/forumenfermagem.org\/site\/wp-json\/wp\/v2\/pages\/3\/revisions"}],"predecessor-version":[{"id":2236,"href":"https:\/\/forumenfermagem.org\/site\/wp-json\/wp\/v2\/pages\/3\/revisions\/2236"}],"wp:attachment":[{"href":"https:\/\/forumenfermagem.org\/site\/wp-json\/wp\/v2\/media?parent=3"}],"curies":[{"name":"wp","href":"https:\/\/api.w.org\/{rel}","templated":true}]}}