{"id":2389,"date":"2021-04-28T10:10:02","date_gmt":"2021-04-28T10:10:02","guid":{"rendered":"https:\/\/forumenfermagem.org\/site\/?page_id=2389"},"modified":"2021-04-28T15:18:47","modified_gmt":"2021-04-28T15:18:47","slug":"sobre-nos","status":"publish","type":"page","link":"https:\/\/forumenfermagem.org\/site\/sobre-nos\/","title":{"rendered":"Sobre n\u00f3s"},"content":{"rendered":"\n<p>Em 2004 cri\u00e1mos o Forumenfermagem.org\u00ae que evoluiu enquanto comunidade online agregando mais de 35.000 membros registados entre enfermeiros e estudantes de Enfermagem, sendo a maior deste g\u00e9nero em Portugal.<\/p>\n\n\n\n<p>Ainda sem a massifica\u00e7\u00e3o das redes sociais, o F\u00f3rum de Discuss\u00e3o era o ponto de encontro e de partilha para milhares de enfermeiros portugueses a n\u00edvel nacional e internacional.<\/p>\n\n\n\n<div class=\"wp-block-image\"><figure class=\"aligncenter size-large\"><img loading=\"lazy\" decoding=\"async\" width=\"460\" height=\"180\" src=\"https:\/\/forumenfermagem.org\/site\/wp-content\/uploads\/2021\/04\/logo-forum-enfermagem4.png\" alt=\"\" class=\"wp-image-160\" srcset=\"https:\/\/forumenfermagem.org\/site\/wp-content\/uploads\/2021\/04\/logo-forum-enfermagem4.png 460w, https:\/\/forumenfermagem.org\/site\/wp-content\/uploads\/2021\/04\/logo-forum-enfermagem4-300x117.png 300w\" sizes=\"auto, (max-width: 460px) 100vw, 460px\" \/><\/figure><\/div>\n\n\n\n<p>\u00c0 medida que o Forumenfermagem.org\u00ae cresceu, tornou-se um espa\u00e7o de refer\u00eancia para a procura de emprego por parte destes profissionais, tornando-se natural o estabelecimento de parcerias com ag\u00eancias de recrutamento internacionais \u00e0 medida que o mercado de trabalho em Portugal os deixava de absorver.<\/p>\n\n\n\n<p>Nesta sequ\u00eancia, surgiu em Julho de 2013 o nosso segundo projecto online, o Empregosaude.pt\u00ae, uma plataforma de emprego para candidatos e empregadores na \u00e1rea da sa\u00fade em Portugal, com mais de cerca de 25.000 utilizadores registados.<\/p>\n\n\n\n<p>Atualmente o Forumenfermagem\u00ae agrega conte\u00fados relacionados com a profiss\u00e3o e a sa\u00fade em Portugal, marcando tamb\u00e9m presen\u00e7a nas redes sociais<\/p>\n\n\n\n<blockquote class=\"wp-block-quote is-layout-flow wp-block-quote-is-layout-flow\"><p>Administradores do Forumenfermagem<\/p><\/blockquote>\n\n\n\n<div class=\"wp-block-columns is-layout-flex wp-container-core-columns-is-layout-9d6595d7 wp-block-columns-is-layout-flex\">\n<div class=\"wp-block-column is-layout-flow wp-block-column-is-layout-flow\">\n<div class=\"wp-block-image is-style-rounded\"><figure class=\"aligncenter size-large\"><img loading=\"lazy\" decoding=\"async\" width=\"200\" height=\"200\" src=\"https:\/\/forumenfermagem.org\/site\/wp-content\/uploads\/2021\/04\/eq-r-pedrosilva.jpg\" alt=\"\" class=\"wp-image-2398\" srcset=\"https:\/\/forumenfermagem.org\/site\/wp-content\/uploads\/2021\/04\/eq-r-pedrosilva.jpg 200w, https:\/\/forumenfermagem.org\/site\/wp-content\/uploads\/2021\/04\/eq-r-pedrosilva-150x150.jpg 150w\" sizes=\"auto, (max-width: 200px) 100vw, 200px\" \/><figcaption>Enf. Pedro Jos\u00e9 Silva<\/figcaption><\/figure><\/div>\n\n\n\n<p><\/p>\n<\/div>\n\n\n\n<div class=\"wp-block-column is-layout-flow wp-block-column-is-layout-flow\">\n<div class=\"wp-block-image is-style-rounded\"><figure class=\"aligncenter size-large\"><img loading=\"lazy\" decoding=\"async\" width=\"200\" height=\"200\" src=\"https:\/\/forumenfermagem.org\/site\/wp-content\/uploads\/2021\/04\/eq-r-pedromachado.jpg\" alt=\"\" class=\"wp-image-2400\" srcset=\"https:\/\/forumenfermagem.org\/site\/wp-content\/uploads\/2021\/04\/eq-r-pedromachado.jpg 200w, https:\/\/forumenfermagem.org\/site\/wp-content\/uploads\/2021\/04\/eq-r-pedromachado-150x150.jpg 150w\" sizes=\"auto, (max-width: 200px) 100vw, 200px\" \/><figcaption>Enf. Pedro Miguel Machado<\/figcaption><\/figure><\/div>\n<\/div>\n<\/div>\n\n\n\n<p><\/p>\n","protected":false},"excerpt":{"rendered":"<p>Em 2004 cri\u00e1mos o Forumenfermagem.org\u00ae que evoluiu enquanto comunidade online agregando mais de 35.000 membros registados entre enfermeiros e estudantes de Enfermagem, sendo a maior deste g\u00e9nero em Portugal. Ainda [&hellip;]<\/p>\n","protected":false},"author":1,"featured_media":0,"parent":0,"menu_order":0,"comment_status":"closed","ping_status":"closed","template":"","meta":{"footnotes":""},"class_list":["post-2389","page","type-page","status-publish","hentry"],"_links":{"self":[{"href":"https:\/\/forumenfermagem.org\/site\/wp-json\/wp\/v2\/pages\/2389","targetHints":{"allow":["GET"]}}],"collection":[{"href":"https:\/\/forumenfermagem.org\/site\/wp-json\/wp\/v2\/pages"}],"about":[{"href":"https:\/\/forumenfermagem.org\/site\/wp-json\/wp\/v2\/types\/page"}],"author":[{"embeddable":true,"href":"https:\/\/forumenfermagem.org\/site\/wp-json\/wp\/v2\/users\/1"}],"replies":[{"embeddable":true,"href":"https:\/\/forumenfermagem.org\/site\/wp-json\/wp\/v2\/comments?post=2389"}],"version-history":[{"count":5,"href":"https:\/\/forumenfermagem.org\/site\/wp-json\/wp\/v2\/pages\/2389\/revisions"}],"predecessor-version":[{"id":2405,"href":"https:\/\/forumenfermagem.org\/site\/wp-json\/wp\/v2\/pages\/2389\/revisions\/2405"}],"wp:attachment":[{"href":"https:\/\/forumenfermagem.org\/site\/wp-json\/wp\/v2\/media?parent=2389"}],"curies":[{"name":"wp","href":"https:\/\/api.w.org\/{rel}","templated":true}]}}